{"id":248,"date":"2025-03-27T07:33:10","date_gmt":"2025-03-27T06:33:10","guid":{"rendered":"https:\/\/btrmagyarorszag.hu\/?post_type=product&#038;p=248"},"modified":"2025-04-24T15:44:21","modified_gmt":"2025-04-24T13:44:21","slug":"blizzard-tetocserep","status":"publish","type":"product","link":"https:\/\/btrmagyarorszag.hu\/index.php\/termek\/blizzard-tetocserep\/","title":{"rendered":"BLIZZARD tet\u0151cser\u00e9p"},"content":{"rendered":"<h2><strong>A Blizzard szak\u00e9rt\u0151k \u00e9s tet\u0151fed\u0151k<\/strong>\u00a0munk\u00e1j\u00e1nak eredm\u00e9nye<\/h2>\n<h4>\u2013 egy megb\u00edzhat\u00f3 tet\u0151fed\u00e9s, amely hossz\u00fa \u00e9veken \u00e1t v\u00e9di otthon\u00e1t. Bizony\u00edtott min\u0151s\u00e9g \u00e9s megb\u00edzhat\u00f3s\u00e1g a term\u00e9szettel \u00f6sszhangban \u00e9s annak k\u00f6vetelm\u00e9nyeinek megfelel\u0151en. A piacon el\u00e9rhet\u0151 leghosszabb, 60 \u00e9ves \u00edr\u00e1sos garanci\u00e1val rendelkez\u0151 term\u00e9k.<\/h4>\n<p>A k\u0151forg\u00e1csbevonat\u00fa tet\u0151fed\u00e9s egyedi megjelen\u00e9s\u00e9t egyedi, dupla bord\u00e1s form\u00e1ja biztos\u00edtja, mely v\u00e1lasz az aktu\u00e1lis \u00e9p\u00edt\u00e9szeti trendekre.<\/p>\n<p>A BLIZZARD egy st\u00edlusos, egyenes forma dupla bord\u00e1val. Forma a klasszikus ker\u00e1mia tet\u0151cserepekre eml\u00e9keztet, amit a k\u0151forg\u00e1cs bevonat eg\u00e9sz\u00edt ki. Rendk\u00edv\u00fcl eszt\u00e9tikus term\u00e9k, kifinomult szerkezettel. A BLIZZARD a modern tet\u0151fed\u00e9s szerves r\u00e9sze.<\/p>\n<p>A Blizzard 6 m\u00e9ly bord\u00e1val rendelkezik a panelben, \u00e9s k\u00fcl\u00f6nb\u00f6z\u0151 sz\u00ednekben kaphat\u00f3, amelyek nemcsak a modern konstrukci\u00f3kban, hanem a hagyom\u00e1nyosabb \u00e9p\u00fcletek tetej\u00e9n is hat\u00e9konynak bizonyulnak. Az elrendezett, tipikus ker\u00e1miatet\u0151kre megt\u00e9veszt\u0151en hasonl\u00edt\u00f3 tet\u0151panelek eleg\u00e1ns megjelen\u00e9se 14\u00b0-os tet\u0151hajl\u00e1sn\u00e1l \u00e9rhet\u0151 el.<br \/>\nA gyakorlati alkalmaz\u00e1sr\u00f3l sem feledkeznek meg \u2013 b\u00e1rmir\u0151l, ami megk\u00f6nny\u00edti a tet\u0151fed\u0151 munk\u00e1j\u00e1t. A BLIZZARD k\u0151forg\u00e1cs bevonat\u00fa tet\u0151fed\u00e9s rendk\u00edv\u00fcl gyors \u00e9s egyszer\u0171 \u00f6sszeszerel\u00e9st tesz lehet\u0151v\u00e9.<\/p>\n<p>A szab\u00e1lyos minta lehet\u0151v\u00e9 teszi a megfelel\u0151 sz\u00e1m\u00fa csempe elhelyez\u00e9s\u00e9t \u00fagy, hogy az \u00f6sszeszerel\u00e9s sor\u00e1n azok optim\u00e1lis darabsz\u00e1m\u00e1t haszn\u00e1lj\u00e1k fel a legkevesebb hullad\u00e9kkal.<br \/>\nA term\u00e9szetes k\u0151forg\u00e1csr\u00e9teg cs\u00f6kkenti az es\u0151, j\u00e9ges\u0151 \u00e9s sz\u00e9l zaj\u00e1t. Ez k\u00fcl\u00f6n\u00f6sen a tet\u0151t\u00e9rben lak\u00f3k k\u00e9nyelm\u00e9t szolg\u00e1lja.<\/p>\n<div class=\"et_pb_module et_pb_text et_pb_text_6 et_pb_text_align_center et_pb_bg_layout_light\">\n<div class=\"et_pb_text_inner\"><\/div>\n<\/div>\n<div class=\"et_pb_module et_pb_text et_pb_text_7 et_pb_text_align_left et_pb_bg_layout_light\">\n<div class=\"et_pb_text_inner\">\n<p>&nbsp;<\/p>\n<\/div>\n<\/div>\n","protected":false},"excerpt":{"rendered":"<h4 style=\"text-align: center\">Sz\u00ednek<\/h4>\n<p>Eredeti sz\u00edneink tov\u00e1bbi lehet\u0151s\u00e9geket adnak a tet\u0151 megjelen\u00e9s\u00e9nek fokoz\u00e1s\u00e1ra. Ez a kiterjedt sz\u00ednv\u00e1laszt\u00e9k a BTR Systems tet\u0151fed\u0151 megold\u00e1sait \u00e9ppoly eleg\u00e1nss\u00e1 teszi, mint ahogy tele vannak energi\u00e1val \u00e9s dinamik\u00e1val.<\/p>\n<p><img loading=\"lazy\" decoding=\"async\" class=\"aligncenter size-full wp-image-373\" src=\"https:\/\/btrmagyarorszag.hu\/wp-content\/uploads\/2025\/03\/blizzard-colors.png\" alt=\"\" width=\"703\" height=\"704\" srcset=\"https:\/\/btrmagyarorszag.hu\/wp-content\/uploads\/2025\/03\/blizzard-colors.png 703w, https:\/\/btrmagyarorszag.hu\/wp-content\/uploads\/2025\/03\/blizzard-colors-480x481.png 480w\" sizes=\"(min-width: 0px) and (max-width: 480px) 480px, (min-width: 481px) 703px, 100vw\" \/><\/p>\n<h4 style=\"text-align: center\">M\u0171szaki r\u00e9szletek<\/h4>\n<p><img loading=\"lazy\" decoding=\"async\" class=\"aligncenter wp-image-145 size-full\" src=\"https:\/\/btrmagyarorszag.hu\/wp-content\/uploads\/2025\/02\/blizzard-specs-btr-teto-magyarorszag.jpg\" alt=\"\" width=\"950\" height=\"448\" srcset=\"https:\/\/btrmagyarorszag.hu\/wp-content\/uploads\/2025\/02\/blizzard-specs-btr-teto-magyarorszag.jpg 950w, https:\/\/btrmagyarorszag.hu\/wp-content\/uploads\/2025\/02\/blizzard-specs-btr-teto-magyarorszag-480x226.jpg 480w\" sizes=\"(min-width: 0px) and (max-width: 480px) 480px, (min-width: 481px) 950px, 100vw\" \/><\/p>\n<p style=\"text-align: center\">Teljes sz\u00e9less\u00e9g: 1196 mm<\/p>\n<p style=\"text-align: center\">Val\u00f3di tet\u0151sz\u00e9less\u00e9g:1141 mm<\/p>\n<p style=\"text-align: center\">Ac\u00e9l vastags\u00e1g + AZ 0,44 mm<\/p>\n<p style=\"text-align: center\">Csempe lehajl\u00e1si magass\u00e1ga: 35 mm<\/p>\n<p style=\"text-align: center\">S\u00faly: 3 kg<\/p>\n<p style=\"text-align: center\">Profilm\u00e9lys\u00e9g: 21 mm<\/p>\n<p style=\"text-align: center\">Hossza: 430 mm<\/p>\n<p style=\"text-align: center\">Elemek sz\u00e1ma n\u00e9gyzetm\u00e9terenk\u00e9nt: 2,37 db \/ m22 effekt\u00edv fed\u00e9s<\/p>\n","protected":false},"featured_media":255,"comment_status":"open","ping_status":"closed","template":"","meta":{"_et_pb_use_builder":"","_et_pb_old_content":"","_et_gb_content_width":""},"product_brand":[],"product_cat":[19,20],"product_tag":[],"class_list":{"0":"post-248","1":"product","2":"type-product","3":"status-publish","4":"has-post-thumbnail","6":"product_cat-termekek","7":"product_cat-tetocserepek","9":"first","10":"instock","11":"shipping-taxable","12":"product-type-simple"},"_links":{"self":[{"href":"https:\/\/btrmagyarorszag.hu\/index.php\/wp-json\/wp\/v2\/product\/248","targetHints":{"allow":["GET"]}}],"collection":[{"href":"https:\/\/btrmagyarorszag.hu\/index.php\/wp-json\/wp\/v2\/product"}],"about":[{"href":"https:\/\/btrmagyarorszag.hu\/index.php\/wp-json\/wp\/v2\/types\/product"}],"replies":[{"embeddable":true,"href":"https:\/\/btrmagyarorszag.hu\/index.php\/wp-json\/wp\/v2\/comments?post=248"}],"wp:featuredmedia":[{"embeddable":true,"href":"https:\/\/btrmagyarorszag.hu\/index.php\/wp-json\/wp\/v2\/media\/255"}],"wp:attachment":[{"href":"https:\/\/btrmagyarorszag.hu\/index.php\/wp-json\/wp\/v2\/media?parent=248"}],"wp:term":[{"taxonomy":"product_brand","embeddable":true,"href":"https:\/\/btrmagyarorszag.hu\/index.php\/wp-json\/wp\/v2\/product_brand?post=248"},{"taxonomy":"product_cat","embeddable":true,"href":"https:\/\/btrmagyarorszag.hu\/index.php\/wp-json\/wp\/v2\/product_cat?post=248"},{"taxonomy":"product_tag","embeddable":true,"href":"https:\/\/btrmagyarorszag.hu\/index.php\/wp-json\/wp\/v2\/product_tag?post=248"}],"curies":[{"name":"wp","href":"https:\/\/api.w.org\/{rel}","templated":true}]}}