{"id":362,"date":"2025-03-27T12:27:31","date_gmt":"2025-03-27T11:27:31","guid":{"rendered":"https:\/\/btrmagyarorszag.hu\/?post_type=product&#038;p=362"},"modified":"2025-04-03T13:50:21","modified_gmt":"2025-04-03T11:50:21","slug":"thunder-tetocserep","status":"publish","type":"product","link":"https:\/\/btrmagyarorszag.hu\/index.php\/termek\/thunder-tetocserep\/","title":{"rendered":"THUNDER tet\u0151cser\u00e9p"},"content":{"rendered":"<h2><strong>A THUNDER tervez\u00e9si ihletet<\/strong>\u00a0 Podhale \u00e9p\u00edt\u00e9szet\u00e9b\u0151l mer\u00edt<\/h2>\n<h4>\u2013 egy megb\u00edzhat\u00f3 tet\u0151fed\u00e9s, amely hossz\u00fa \u00e9veken \u00e1t v\u00e9di otthon\u00e1t. Bizony\u00edtott min\u0151s\u00e9g \u00e9s megb\u00edzhat\u00f3s\u00e1g a term\u00e9szettel \u00f6sszhangban \u00e9s annak k\u00f6vetelm\u00e9nyeinek megfelel\u0151en. A piacon el\u00e9rhet\u0151 leghosszabb, 60 \u00e9ves \u00edr\u00e1sos garanci\u00e1val rendelkez\u0151 term\u00e9k.<\/h4>\n<p>A fazsindelyb\u0151l k\u00e9sz\u00fclt egyedi tet\u0151k els\u0151sorban a hegyvid\u00e9ki t\u00e1jhoz k\u00f6t\u0151dnek. A hagyom\u00e1nyos burkolatok magas gy\u00e1rt\u00e1si k\u00f6lts\u00e9ge \u00e9s a fa k\u00fcls\u0151 t\u00e9nyez\u0151kkel szembeni el\u00e9gtelen ellen\u00e1ll\u00e1sa azonban sz\u00e1mos alternat\u00edva megjelen\u00e9s\u00e9hez hozz\u00e1j\u00e1rult a piacon.<\/p>\n<p>Ez\u00e9rt az \u00faj, k\u00f6rnyezetbar\u00e1t, egyedi megold\u00e1sokat keres\u0151 v\u00e1s\u00e1rl\u00f3k ig\u00e9nyeire reag\u00e1lva bevezett\u00fck a term\u00e9szetes k\u0151forg\u00e1cs bevonattal bor\u00edtott modul\u00e1ris tet\u0151panelt \u2013 THUNDER. Hagyom\u00e1nyos fazsindelyt ut\u00e1nz\u00f3 profil, term\u00e9szetes k\u0151forg\u00e1csokkal bor\u00edtva. Lengyelorsz\u00e1gban tervezt\u00e9k \u00e9s gy\u00e1rtott\u00e1k.<\/p>\n<p>Ez egy olyan term\u00e9k, amelynek min\u0151s\u00e9ge, megb\u00edzhat\u00f3s\u00e1ga, tart\u00f3ss\u00e1ga \u00e9s diz\u00e1jnja vonz\u00f3 az ig\u00e9nyes v\u00e1s\u00e1rl\u00f3k sz\u00e1m\u00e1ra, \u00e9s amely egyfajta harm\u00f3ni\u00e1t teremt a fa szerkezettel kombin\u00e1lva. Alkalmaz\u00e1sa biztos\u00edtja a tet\u0151 ellen\u00e1ll\u00f3k\u00e9pess\u00e9g\u00e9t a sz\u00e9ls\u0151s\u00e9ges id\u0151j\u00e1r\u00e1si viszonyokkal szemben a gyors kl\u00edmav\u00e1ltoz\u00e1s idej\u00e9n. Ezeket az \u00edg\u00e9reteket 60 \u00e9v garancia igazolja.<\/p>\n<p>A THUNDER tet\u0151fed\u0151 modul sokkal k\u00f6nnyebb, mint a ker\u00e1mia cser\u00e9p, \u00edgy sikeresen helyettes\u00edti azokat r\u00e9gebbi tet\u0151k\u00f6n is. Ezenk\u00edv\u00fcl az egyszer\u0171 \u00f6sszeszerel\u00e9s \u00e9s csatlakoz\u00e1si rendszer garant\u00e1lja a burkolat t\u00f6k\u00e9letes t\u00f6m\u00edtetts\u00e9g\u00e9t \u2013 a tet\u0151sziv\u00e1rg\u00e1s vesz\u00e9lye n\u00e9lk\u00fcl.<\/p>\n","protected":false},"excerpt":{"rendered":"<h4 style=\"text-align: center;\">Sz\u00ednek<\/h4>\n<p>Eredeti sz\u00edneink tov\u00e1bbi lehet\u0151s\u00e9geket adnak a tet\u0151 megjelen\u00e9s\u00e9nek fokoz\u00e1s\u00e1ra. Ez a kiterjedt sz\u00ednv\u00e1laszt\u00e9k a BTR Systems tet\u0151fed\u0151 megold\u00e1sait \u00e9ppoly eleg\u00e1nss\u00e1 teszi, mint ahogy tele vannak energi\u00e1val \u00e9s dinamik\u00e1val.<\/p>\n<p><img loading=\"lazy\" decoding=\"async\" class=\"aligncenter wp-image-369 size-full\" src=\"https:\/\/btrmagyarorszag.hu\/wp-content\/uploads\/2025\/03\/thunder-colors.png\" alt=\"\" width=\"703\" height=\"704\" srcset=\"https:\/\/btrmagyarorszag.hu\/wp-content\/uploads\/2025\/03\/thunder-colors.png 703w, https:\/\/btrmagyarorszag.hu\/wp-content\/uploads\/2025\/03\/thunder-colors-480x481.png 480w\" sizes=\"(min-width: 0px) and (max-width: 480px) 480px, (min-width: 481px) 703px, 100vw\" \/><\/p>\n<h4 style=\"text-align: center;\">M\u0171szaki r\u00e9szletek<\/h4>\n<p><img loading=\"lazy\" decoding=\"async\" class=\"wp-image-365 size-full aligncenter\" src=\"https:\/\/btrmagyarorszag.hu\/wp-content\/uploads\/2025\/03\/thunder-tech-1.jpg\" alt=\"\" width=\"950\" height=\"280\" srcset=\"https:\/\/btrmagyarorszag.hu\/wp-content\/uploads\/2025\/03\/thunder-tech-1.jpg 950w, https:\/\/btrmagyarorszag.hu\/wp-content\/uploads\/2025\/03\/thunder-tech-1-480x141.jpg 480w\" sizes=\"(min-width: 0px) and (max-width: 480px) 480px, (min-width: 481px) 950px, 100vw\" \/><\/p>\n<p style=\"text-align: center;\">Teljes sz\u00e9less\u00e9g ~ 1216 mm<br \/>\nVal\u00f3di tet\u0151sz\u00e9less\u00e9g &#8211; 1160 mm<br \/>\nAc\u00e9l vastags\u00e1g + AZ &#8211; 0,44 mm<br \/>\nCsempe lehajl\u00e1si magass\u00e1ga &#8211; 38 mm<br \/>\nLap s\u00falya ~ 3 kg<br \/>\nProfilm\u00e9lys\u00e9g &#8211; 11 mm<br \/>\nL\u00e9p\u00e9shossz &#8211; Modul &#8211; 380 mm<br \/>\nLap hossza &#8211; 430 mm<br \/>\nModulok sz\u00e1ma m 2 -enk\u00e9nt &#8211; 2,27 db \/ m 2 effekt\u00edv fed\u00e9s<\/p>\n","protected":false},"featured_media":363,"comment_status":"open","ping_status":"closed","template":"","meta":{"_et_pb_use_builder":"","_et_pb_old_content":"","_et_gb_content_width":""},"product_brand":[],"product_cat":[19,20],"product_tag":[],"class_list":{"0":"post-362","1":"product","2":"type-product","3":"status-publish","4":"has-post-thumbnail","6":"product_cat-termekek","7":"product_cat-tetocserepek","9":"first","10":"instock","11":"shipping-taxable","12":"product-type-simple"},"_links":{"self":[{"href":"https:\/\/btrmagyarorszag.hu\/index.php\/wp-json\/wp\/v2\/product\/362","targetHints":{"allow":["GET"]}}],"collection":[{"href":"https:\/\/btrmagyarorszag.hu\/index.php\/wp-json\/wp\/v2\/product"}],"about":[{"href":"https:\/\/btrmagyarorszag.hu\/index.php\/wp-json\/wp\/v2\/types\/product"}],"replies":[{"embeddable":true,"href":"https:\/\/btrmagyarorszag.hu\/index.php\/wp-json\/wp\/v2\/comments?post=362"}],"wp:featuredmedia":[{"embeddable":true,"href":"https:\/\/btrmagyarorszag.hu\/index.php\/wp-json\/wp\/v2\/media\/363"}],"wp:attachment":[{"href":"https:\/\/btrmagyarorszag.hu\/index.php\/wp-json\/wp\/v2\/media?parent=362"}],"wp:term":[{"taxonomy":"product_brand","embeddable":true,"href":"https:\/\/btrmagyarorszag.hu\/index.php\/wp-json\/wp\/v2\/product_brand?post=362"},{"taxonomy":"product_cat","embeddable":true,"href":"https:\/\/btrmagyarorszag.hu\/index.php\/wp-json\/wp\/v2\/product_cat?post=362"},{"taxonomy":"product_tag","embeddable":true,"href":"https:\/\/btrmagyarorszag.hu\/index.php\/wp-json\/wp\/v2\/product_tag?post=362"}],"curies":[{"name":"wp","href":"https:\/\/api.w.org\/{rel}","templated":true}]}}