{"id":376,"date":"2025-04-14T11:38:42","date_gmt":"2025-04-14T09:38:42","guid":{"rendered":"https:\/\/btrmagyarorszag.hu\/?post_type=product&#038;p=376"},"modified":"2025-04-15T10:52:13","modified_gmt":"2025-04-15T08:52:13","slug":"mistral-tetocserep","status":"publish","type":"product","link":"https:\/\/btrmagyarorszag.hu\/index.php\/termek\/mistral-tetocserep\/","title":{"rendered":"MISTRAL tet\u0151cser\u00e9p"},"content":{"rendered":"<h2>A MISTRAL szimmetrikus kialak\u00edt\u00e1s\u00e1val h\u00edvja fel mag\u00e1ra a figyelmet.<\/h2>\n<h4>\u2013 Az alacsony tet\u0151vonalak, a sz\u00e9lesen t\u00falny\u00fal\u00f3 ereszek, karakteres vonalak \u00e9s tet\u0151cserepek mind hozz\u00e1j\u00e1rulnak ahhoz, hogy a h\u00e1z a forr\u00f3 id\u0151szakokban is h\u0171v\u00f6s \u00e9s szell\u0151s maradjon \u2013 ezek az elemek a mai napig gyakori \u00e9p\u00edt\u00e9szeti megold\u00e1sok Eur\u00f3p\u00e1ban \u00e9s a F\u00f6ldk\u00f6zi-tenger t\u00e9rs\u00e9g\u00e9ben.<\/h4>\n<p class=\"\" data-start=\"0\" data-end=\"199\">A MISTRAL k\u0151z\u00fazal\u00e9k bevonat\u00fa tet\u0151fed\u00e9s \u00fagy lett megalkotva, hogy a tet\u0151nek egyed\u00fcl\u00e1ll\u00f3, mediterr\u00e1n megjelen\u00e9st k\u00f6lcs\u00f6n\u00f6zz\u00f6n, mik\u00f6zben ellen\u00e1ll a helyi id\u0151j\u00e1r\u00e1si viszonyoknak is.<\/p>\n<p class=\"\" data-start=\"201\" data-end=\"581\">Form\u00e1j\u00e1val \u00e9s nev\u00e9vel a MISTRAL a forr\u00f3 mediterr\u00e1n sz\u00e9l \u00e1ltal fodrozott tenger felsz\u00edn\u00e9re utal. A tet\u0151fed\u00e9s letisztult, szab\u00e1lyos megjelen\u00e9se ide\u00e1liss\u00e1 teszi klasszikus, szab\u00e1lyos form\u00e1j\u00fa \u00e9p\u00fcletek tet\u0151z\u00e1r\u00e1s\u00e1ra \u2013 k\u00fcl\u00f6n\u00f6sen a Jasper sz\u00ednv\u00e1ltozatban. Az \u00e9p\u00edt\u00e9szeti \u00e9rt\u00e9keket \u00f6tv\u00f6z\u0151 kialak\u00edt\u00e1s egyszerre id\u00e9zi a hagyom\u00e1nyokat \u00e9s hoz frissess\u00e9get. A MISTRAL egy id\u0151tlen st\u00edlus\u00fa profil.<\/p>\n<p class=\"\" data-start=\"583\" data-end=\"793\">A MISTRAL kiv\u00e1l\u00f3 min\u0151s\u00e9g\u0171 anyagokb\u00f3l k\u00e9sz\u00fcl: ac\u00e9lmagj\u00e1t mindk\u00e9t oldalr\u00f3l alum\u00ednium-cink r\u00e9teg v\u00e9di a korr\u00f3zi\u00f3 ellen, a k\u00fcls\u0151 fel\u00fcletet pedig sz\u00ednes k\u0151z\u00fazal\u00e9k bevonat fedi, amely sz\u00e1mos sz\u00ednv\u00e1ltozatban el\u00e9rhet\u0151.<\/p>\n","protected":false},"excerpt":{"rendered":"<h4 style=\"text-align: center\">Sz\u00ednek<\/h4>\n<p>Eredeti sz\u00edneink tov\u00e1bbi lehet\u0151s\u00e9geket adnak a tet\u0151 megjelen\u00e9s\u00e9nek fokoz\u00e1s\u00e1ra. Ez a kiterjedt sz\u00ednv\u00e1laszt\u00e9k a BTR Systems tet\u0151fed\u0151 megold\u00e1sait \u00e9ppoly eleg\u00e1nss\u00e1 teszi, mint ahogy tele vannak energi\u00e1val \u00e9s dinamik\u00e1val.<\/p>\n<p><img loading=\"lazy\" decoding=\"async\" class=\"wp-image-373 size-full aligncenter\" src=\"https:\/\/btrmagyarorszag.hu\/wp-content\/uploads\/2025\/03\/blizzard-colors.png\" alt=\"\" width=\"703\" height=\"704\" srcset=\"https:\/\/btrmagyarorszag.hu\/wp-content\/uploads\/2025\/03\/blizzard-colors.png 703w, https:\/\/btrmagyarorszag.hu\/wp-content\/uploads\/2025\/03\/blizzard-colors-480x481.png 480w\" sizes=\"(min-width: 0px) and (max-width: 480px) 480px, (min-width: 481px) 703px, 100vw\" \/><\/p>\n<h4 style=\"text-align: center\">M\u0171szaki r\u00e9szletek<\/h4>\n<p><img loading=\"lazy\" decoding=\"async\" class=\"wp-image-377 aligncenter\" src=\"https:\/\/btrmagyarorszag.hu\/wp-content\/uploads\/2025\/04\/profil_mistral.png\" alt=\"\" width=\"484\" height=\"121\" \/><\/p>\n<p style=\"text-align: center\">Teljes sz\u00e9less\u00e9g ~ 1323 mm<br \/>\nHasznos sz\u00e9less\u00e9g &#8211; 1269 mm<br \/>\nAc\u00e9l vastags\u00e1g + AZ &#8211; 0,44 mm<br \/>\nLegkisebb tet\u0151hajl\u00e1ssz\u00f6g &#8211; 14\u00b0<br \/>\nLap s\u00falya ~ 3 kg<br \/>\nProfil magass\u00e1ga &#8211; 29 mm<br \/>\nAnyagsz\u00fcks\u00e9glet &#8211; 2,13 db\/m2<br \/>\nModul Hossza &#8211; 370 mm<br \/>\nLemez hossza &#8211; 425 mm<\/p>\n","protected":false},"featured_media":379,"comment_status":"open","ping_status":"closed","template":"","meta":{"_et_pb_use_builder":"","_et_pb_old_content":"","_et_gb_content_width":""},"product_brand":[],"product_cat":[19,20],"product_tag":[],"class_list":{"0":"post-376","1":"product","2":"type-product","3":"status-publish","4":"has-post-thumbnail","6":"product_cat-termekek","7":"product_cat-tetocserepek","9":"first","10":"instock","11":"shipping-taxable","12":"product-type-simple"},"_links":{"self":[{"href":"https:\/\/btrmagyarorszag.hu\/index.php\/wp-json\/wp\/v2\/product\/376","targetHints":{"allow":["GET"]}}],"collection":[{"href":"https:\/\/btrmagyarorszag.hu\/index.php\/wp-json\/wp\/v2\/product"}],"about":[{"href":"https:\/\/btrmagyarorszag.hu\/index.php\/wp-json\/wp\/v2\/types\/product"}],"replies":[{"embeddable":true,"href":"https:\/\/btrmagyarorszag.hu\/index.php\/wp-json\/wp\/v2\/comments?post=376"}],"wp:featuredmedia":[{"embeddable":true,"href":"https:\/\/btrmagyarorszag.hu\/index.php\/wp-json\/wp\/v2\/media\/379"}],"wp:attachment":[{"href":"https:\/\/btrmagyarorszag.hu\/index.php\/wp-json\/wp\/v2\/media?parent=376"}],"wp:term":[{"taxonomy":"product_brand","embeddable":true,"href":"https:\/\/btrmagyarorszag.hu\/index.php\/wp-json\/wp\/v2\/product_brand?post=376"},{"taxonomy":"product_cat","embeddable":true,"href":"https:\/\/btrmagyarorszag.hu\/index.php\/wp-json\/wp\/v2\/product_cat?post=376"},{"taxonomy":"product_tag","embeddable":true,"href":"https:\/\/btrmagyarorszag.hu\/index.php\/wp-json\/wp\/v2\/product_tag?post=376"}],"curies":[{"name":"wp","href":"https:\/\/api.w.org\/{rel}","templated":true}]}}