{"id":384,"date":"2025-04-14T15:11:44","date_gmt":"2025-04-14T13:11:44","guid":{"rendered":"https:\/\/btrmagyarorszag.hu\/?post_type=product&#038;p=384"},"modified":"2025-04-14T15:18:09","modified_gmt":"2025-04-14T13:18:09","slug":"polar-tetocserep","status":"publish","type":"product","link":"https:\/\/btrmagyarorszag.hu\/index.php\/termek\/polar-tetocserep\/","title":{"rendered":"POLAR tet\u0151cser\u00e9p"},"content":{"rendered":"<h2>POLAR \u2013 modern diz\u00e1jn \u00e9s sokoldal\u00fa felhaszn\u00e1l\u00e1s<\/h2>\n<p class=\"\" data-start=\"90\" data-end=\"463\">A Polar egy innovat\u00edv tet\u0151fed\u0151 \u00e9s homlokzatburkol\u00f3 anyag, amely term\u00e9szetes k\u0151z\u00fazal\u00e9k bevonattal rendelkezik. Form\u00e1ja a hagyom\u00e1nyos bitumenes tet\u0151fed\u00e9sre eml\u00e9keztet, azonban kiemelkedik tov\u00e1bbfejlesztett diz\u00e1jnj\u00e1val \u00e9s korszer\u0171 m\u0171szaki tulajdons\u00e1gaival. A vastag k\u0151z\u00fazal\u00e9k r\u00e9teg egyedi text\u00far\u00e1t k\u00f6lcs\u00f6n\u00f6z neki, amely nemcsak figyelemfelkelt\u0151, de eleganci\u00e1t is ad a tet\u0151nek.<\/p>\n<p class=\"\" data-start=\"465\" data-end=\"567\">Haszn\u00e1lhat\u00f3 tet\u0151n \u00e9s homlokzaton egyar\u00e1nt, \u00edgy sokoldal\u00fa megold\u00e1st k\u00edn\u00e1l b\u00e1rmilyen \u00e9p\u00edt\u00e9si projekthez.<\/p>\n<p class=\"\" data-start=\"569\" data-end=\"786\"><strong data-start=\"569\" data-end=\"599\">Amerikai \u00e9p\u00edt\u00e9szet ihlette<\/strong><br data-start=\"599\" data-end=\"602\" \/>A Polar az amerikai diz\u00e1jn elemeib\u0151l mer\u00edt, \u00f6tv\u00f6zve a minimalista form\u00e1kat a magas funkcionalit\u00e1ssal. A koncepci\u00f3 hangs\u00falyt fektet az egyszer\u0171 telep\u00edt\u00e9sre \u00e9s a felhaszn\u00e1l\u00f3i k\u00e9nyelemre.<\/p>\n<p class=\"\" data-start=\"788\" data-end=\"1070\"><strong data-start=\"788\" data-end=\"820\">Egyszer\u0171 \u00e9s prec\u00edz telep\u00edt\u00e9s<\/strong><br data-start=\"820\" data-end=\"823\" \/>A Polar r\u00f6gz\u00edt\u0151rendszer\u00e9t a maxim\u00e1lis k\u00e9nyelem \u00e9s pontoss\u00e1g \u00e9rdek\u00e9ben tervezt\u00e9k. A teljes deszk\u00e1zatra t\u00f6rt\u00e9n\u0151 telep\u00edt\u00e9s dedik\u00e1lt al\u00e1t\u00e9tanyaggal gyors, a csavarok pedig rejtve maradnak, \u00edgy a tet\u0151 eszt\u00e9tikus megjelen\u00e9se teljes m\u00e9rt\u00e9kben meg\u0151rz\u0151dik.<\/p>\n<p class=\"\" data-start=\"1072\" data-end=\"1180\"><strong data-start=\"1072\" data-end=\"1178\">Kiemelked\u0151 m\u0171szaki tulajdons\u00e1gok a term\u00e9szetes k\u0151z\u00fazal\u00e9k bevonattal ell\u00e1tott tet\u0151fed\u00e9snek k\u00f6sz\u00f6nhet\u0151en<\/strong><\/p>\n<p class=\"\" data-start=\"1182\" data-end=\"1270\">A Polar nemcsak modern megjelen\u00e9s\u00e9vel, hanem kiv\u00e1l\u00f3 m\u0171szaki teljes\u00edtm\u00e9ny\u00e9vel is kit\u0171nik:<\/p>\n<ul data-start=\"1272\" data-end=\"1404\">\n<li class=\"\" data-start=\"1272\" data-end=\"1311\">\n<p class=\"\" data-start=\"1274\" data-end=\"1311\">Magas hang- \u00e9s h\u0151szigetel\u0151 k\u00e9pess\u00e9g<\/p>\n<\/li>\n<li class=\"\" data-start=\"1312\" data-end=\"1337\">\n<p class=\"\" data-start=\"1314\" data-end=\"1337\">K\u00f6nny\u0171 tet\u0151fed\u0151 anyag<\/p>\n<\/li>\n<li class=\"\" data-start=\"1338\" data-end=\"1352\">\n<p class=\"\" data-start=\"1340\" data-end=\"1352\">T\u0171z\u00e1ll\u00f3s\u00e1g<\/p>\n<\/li>\n<li class=\"\" data-start=\"1353\" data-end=\"1372\">\n<p class=\"\" data-start=\"1355\" data-end=\"1372\">Korr\u00f3zi\u00f3\u00e1ll\u00f3s\u00e1g<\/p>\n<\/li>\n<li class=\"\" data-start=\"1373\" data-end=\"1404\">\n<p class=\"\" data-start=\"1375\" data-end=\"1404\">Alacsony sz\u00e1ll\u00edt\u00e1si k\u00f6lts\u00e9g<\/p>\n<\/li>\n<\/ul>\n<p class=\"\" data-start=\"1406\" data-end=\"1502\">A BTR Systems \u00e1ltal haszn\u00e1lt nyersanyag ak\u00e1r 60 \u00e9vre sz\u00f3l\u00f3 funkcion\u00e1lis garanci\u00e1val rendelkezik.<\/p>\n<p class=\"\" data-start=\"1504\" data-end=\"1620\"><strong data-start=\"1504\" data-end=\"1620\">V\u00e1lassza a min\u0151s\u00e9get, st\u00edlust \u00e9s funkcionalit\u00e1st. V\u00e1lassza a Polart \u2013 a k\u00f6vetkez\u0151 gener\u00e1ci\u00f3s tet\u0151fed\u0151 megold\u00e1st!<\/strong><\/p>\n","protected":false},"excerpt":{"rendered":"<h4 style=\"text-align: center\">Sz\u00ednek<\/h4>\n<p>Eredeti sz\u00edneink tov\u00e1bbi lehet\u0151s\u00e9geket adnak a tet\u0151 megjelen\u00e9s\u00e9nek fokoz\u00e1s\u00e1ra. Ez a kiterjedt sz\u00ednv\u00e1laszt\u00e9k a BTR Systems tet\u0151fed\u0151 megold\u00e1sait \u00e9ppoly eleg\u00e1nss\u00e1 teszi, mint ahogy tele vannak energi\u00e1val \u00e9s dinamik\u00e1val.<\/p>\n<p><img loading=\"lazy\" decoding=\"async\" class=\"wp-image-369 size-full aligncenter\" src=\"https:\/\/btrmagyarorszag.hu\/wp-content\/uploads\/2025\/03\/thunder-colors.png\" alt=\"\" width=\"703\" height=\"704\" srcset=\"https:\/\/btrmagyarorszag.hu\/wp-content\/uploads\/2025\/03\/thunder-colors.png 703w, https:\/\/btrmagyarorszag.hu\/wp-content\/uploads\/2025\/03\/thunder-colors-480x481.png 480w\" sizes=\"(min-width: 0px) and (max-width: 480px) 480px, (min-width: 481px) 703px, 100vw\" \/><\/p>\n<h4 style=\"text-align: center\">M\u0171szaki r\u00e9szletek<br \/>\n<img loading=\"lazy\" decoding=\"async\" class=\"aligncenter wp-image-388 size-full\" src=\"https:\/\/btrmagyarorszag.hu\/wp-content\/uploads\/2025\/04\/Polar-muszaki.png\" alt=\"\" width=\"1024\" height=\"385\" srcset=\"https:\/\/btrmagyarorszag.hu\/wp-content\/uploads\/2025\/04\/Polar-muszaki.png 1024w, https:\/\/btrmagyarorszag.hu\/wp-content\/uploads\/2025\/04\/Polar-muszaki-980x368.png 980w, https:\/\/btrmagyarorszag.hu\/wp-content\/uploads\/2025\/04\/Polar-muszaki-480x180.png 480w\" sizes=\"(min-width: 0px) and (max-width: 480px) 480px, (min-width: 481px) and (max-width: 980px) 980px, (min-width: 981px) 1024px, 100vw\" \/><\/h4>\n<p style=\"text-align: center\">Teljes sz\u00e9less\u00e9g ~ 1350 mm<br \/>\nHasznos sz\u00e9less\u00e9g &#8211; 1300 mm<br \/>\nAc\u00e9l vastags\u00e1g + AZ &#8211; 0,44 mm<br \/>\nLegkisebb tet\u0151hajl\u00e1ssz\u00f6g &#8211; 14\u00b0<br \/>\nLap s\u00falya ~ 3 kg<br \/>\nProfil magass\u00e1ga &#8211; 13 mm<br \/>\nAnyagsz\u00fcks\u00e9glet &#8211; 2,1 db\/m2<br \/>\nModul Hossza &#8211; 365 mm<br \/>\nLemez hossza &#8211; 410 mm<\/p>\n","protected":false},"featured_media":385,"comment_status":"open","ping_status":"closed","template":"","meta":{"_et_pb_use_builder":"","_et_pb_old_content":"","_et_gb_content_width":""},"product_brand":[],"product_cat":[19,20],"product_tag":[],"class_list":{"0":"post-384","1":"product","2":"type-product","3":"status-publish","4":"has-post-thumbnail","6":"product_cat-termekek","7":"product_cat-tetocserepek","9":"first","10":"instock","11":"shipping-taxable","12":"product-type-simple"},"_links":{"self":[{"href":"https:\/\/btrmagyarorszag.hu\/index.php\/wp-json\/wp\/v2\/product\/384","targetHints":{"allow":["GET"]}}],"collection":[{"href":"https:\/\/btrmagyarorszag.hu\/index.php\/wp-json\/wp\/v2\/product"}],"about":[{"href":"https:\/\/btrmagyarorszag.hu\/index.php\/wp-json\/wp\/v2\/types\/product"}],"replies":[{"embeddable":true,"href":"https:\/\/btrmagyarorszag.hu\/index.php\/wp-json\/wp\/v2\/comments?post=384"}],"wp:featuredmedia":[{"embeddable":true,"href":"https:\/\/btrmagyarorszag.hu\/index.php\/wp-json\/wp\/v2\/media\/385"}],"wp:attachment":[{"href":"https:\/\/btrmagyarorszag.hu\/index.php\/wp-json\/wp\/v2\/media?parent=384"}],"wp:term":[{"taxonomy":"product_brand","embeddable":true,"href":"https:\/\/btrmagyarorszag.hu\/index.php\/wp-json\/wp\/v2\/product_brand?post=384"},{"taxonomy":"product_cat","embeddable":true,"href":"https:\/\/btrmagyarorszag.hu\/index.php\/wp-json\/wp\/v2\/product_cat?post=384"},{"taxonomy":"product_tag","embeddable":true,"href":"https:\/\/btrmagyarorszag.hu\/index.php\/wp-json\/wp\/v2\/product_tag?post=384"}],"curies":[{"name":"wp","href":"https:\/\/api.w.org\/{rel}","templated":true}]}}