{"id":447,"date":"2025-04-24T14:42:06","date_gmt":"2025-04-24T12:42:06","guid":{"rendered":"https:\/\/btrmagyarorszag.hu\/?post_type=product&#038;p=447"},"modified":"2025-04-24T14:55:04","modified_gmt":"2025-04-24T12:55:04","slug":"kuplezaro-felkor","status":"publish","type":"product","link":"https:\/\/btrmagyarorszag.hu\/index.php\/termek\/kuplezaro-felkor\/","title":{"rendered":"K\u00faplez\u00e1r\u00f3 f\u00e9lk\u00f6r"},"content":{"rendered":"<h2>K\u00faplez\u00e1r\u00f3 \u2013 Blizzard, Mistral<\/h2>\n<p class=\"\" data-start=\"0\" data-end=\"273\">\u00cdves kivitel<\/p>\n","protected":false},"excerpt":{"rendered":"<h4 style=\"text-align: center\">Sz\u00ednek<\/h4>\n<p>Eredeti sz\u00edneink tov\u00e1bbi lehet\u0151s\u00e9geket adnak a tet\u0151 megjelen\u00e9s\u00e9nek fokoz\u00e1s\u00e1ra. Ez a kiterjedt sz\u00ednv\u00e1laszt\u00e9k a BTR Systems tet\u0151fed\u0151 megold\u00e1sait \u00e9ppoly eleg\u00e1nss\u00e1 teszi, mint ahogy tele vannak energi\u00e1val \u00e9s dinamik\u00e1val.<\/p>\n<p><img loading=\"lazy\" decoding=\"async\" class=\"aligncenter wp-image-373 size-full\" src=\"https:\/\/btrmagyarorszag.hu\/wp-content\/uploads\/2025\/03\/blizzard-colors.png\" alt=\"\" width=\"703\" height=\"704\" srcset=\"https:\/\/btrmagyarorszag.hu\/wp-content\/uploads\/2025\/03\/blizzard-colors.png 703w, https:\/\/btrmagyarorszag.hu\/wp-content\/uploads\/2025\/03\/blizzard-colors-480x481.png 480w\" sizes=\"(min-width: 0px) and (max-width: 480px) 480px, (min-width: 481px) 703px, 100vw\" \/><\/p>\n<h4 style=\"text-align: center\">M\u0171szaki r\u00e9szletek<\/h4>\n<p style=\"text-align: center\">\n","protected":false},"featured_media":407,"comment_status":"open","ping_status":"closed","template":"","meta":{"_et_pb_use_builder":"","_et_pb_old_content":"","_et_gb_content_width":""},"product_brand":[],"product_cat":[19,24,26],"product_tag":[],"class_list":{"0":"post-447","1":"product","2":"type-product","3":"status-publish","4":"has-post-thumbnail","6":"product_cat-termekek","7":"product_cat-kiegeszitok","8":"product_cat-kupcserepek","10":"first","11":"instock","12":"shipping-taxable","13":"product-type-simple"},"_links":{"self":[{"href":"https:\/\/btrmagyarorszag.hu\/index.php\/wp-json\/wp\/v2\/product\/447","targetHints":{"allow":["GET"]}}],"collection":[{"href":"https:\/\/btrmagyarorszag.hu\/index.php\/wp-json\/wp\/v2\/product"}],"about":[{"href":"https:\/\/btrmagyarorszag.hu\/index.php\/wp-json\/wp\/v2\/types\/product"}],"replies":[{"embeddable":true,"href":"https:\/\/btrmagyarorszag.hu\/index.php\/wp-json\/wp\/v2\/comments?post=447"}],"wp:featuredmedia":[{"embeddable":true,"href":"https:\/\/btrmagyarorszag.hu\/index.php\/wp-json\/wp\/v2\/media\/407"}],"wp:attachment":[{"href":"https:\/\/btrmagyarorszag.hu\/index.php\/wp-json\/wp\/v2\/media?parent=447"}],"wp:term":[{"taxonomy":"product_brand","embeddable":true,"href":"https:\/\/btrmagyarorszag.hu\/index.php\/wp-json\/wp\/v2\/product_brand?post=447"},{"taxonomy":"product_cat","embeddable":true,"href":"https:\/\/btrmagyarorszag.hu\/index.php\/wp-json\/wp\/v2\/product_cat?post=447"},{"taxonomy":"product_tag","embeddable":true,"href":"https:\/\/btrmagyarorszag.hu\/index.php\/wp-json\/wp\/v2\/product_tag?post=447"}],"curies":[{"name":"wp","href":"https:\/\/api.w.org\/{rel}","templated":true}]}}