{"id":450,"date":"2025-04-24T14:47:05","date_gmt":"2025-04-24T12:47:05","guid":{"rendered":"https:\/\/btrmagyarorszag.hu\/?post_type=product&#038;p=450"},"modified":"2025-04-24T14:53:31","modified_gmt":"2025-04-24T12:53:31","slug":"standard-csavar-blizzard-mistral","status":"publish","type":"product","link":"https:\/\/btrmagyarorszag.hu\/index.php\/termek\/standard-csavar-blizzard-mistral\/","title":{"rendered":"Standard Csavar (Blizzard, Mistral)"},"content":{"rendered":"<h2>R\u00f6gz\u00edt\u0151csavar<\/h2>\n<p class=\"\" data-start=\"0\" data-end=\"273\">Hatlapfej\u0171 kivitel<\/p>\n","protected":false},"excerpt":{"rendered":"<p>&nbsp;<\/p>\n<h4 style=\"text-align: center\">M\u0171szaki r\u00e9szletek<\/h4>\n<h4 style=\"text-align: center\">4,8x50mm<\/h4>\n<p>Fekete<\/p>\n<p style=\"text-align: center\">\n","protected":false},"featured_media":420,"comment_status":"open","ping_status":"closed","template":"","meta":{"_et_pb_use_builder":"","_et_pb_old_content":"","_et_gb_content_width":""},"product_brand":[],"product_cat":[19,24,25],"product_tag":[],"class_list":{"0":"post-450","1":"product","2":"type-product","3":"status-publish","4":"has-post-thumbnail","6":"product_cat-termekek","7":"product_cat-kiegeszitok","8":"product_cat-csavarok","10":"first","11":"instock","12":"shipping-taxable","13":"product-type-simple"},"_links":{"self":[{"href":"https:\/\/btrmagyarorszag.hu\/index.php\/wp-json\/wp\/v2\/product\/450","targetHints":{"allow":["GET"]}}],"collection":[{"href":"https:\/\/btrmagyarorszag.hu\/index.php\/wp-json\/wp\/v2\/product"}],"about":[{"href":"https:\/\/btrmagyarorszag.hu\/index.php\/wp-json\/wp\/v2\/types\/product"}],"replies":[{"embeddable":true,"href":"https:\/\/btrmagyarorszag.hu\/index.php\/wp-json\/wp\/v2\/comments?post=450"}],"wp:featuredmedia":[{"embeddable":true,"href":"https:\/\/btrmagyarorszag.hu\/index.php\/wp-json\/wp\/v2\/media\/420"}],"wp:attachment":[{"href":"https:\/\/btrmagyarorszag.hu\/index.php\/wp-json\/wp\/v2\/media?parent=450"}],"wp:term":[{"taxonomy":"product_brand","embeddable":true,"href":"https:\/\/btrmagyarorszag.hu\/index.php\/wp-json\/wp\/v2\/product_brand?post=450"},{"taxonomy":"product_cat","embeddable":true,"href":"https:\/\/btrmagyarorszag.hu\/index.php\/wp-json\/wp\/v2\/product_cat?post=450"},{"taxonomy":"product_tag","embeddable":true,"href":"https:\/\/btrmagyarorszag.hu\/index.php\/wp-json\/wp\/v2\/product_tag?post=450"}],"curies":[{"name":"wp","href":"https:\/\/api.w.org\/{rel}","templated":true}]}}