{"id":452,"date":"2025-04-24T14:49:45","date_gmt":"2025-04-24T12:49:45","guid":{"rendered":"https:\/\/btrmagyarorszag.hu\/?post_type=product&#038;p=452"},"modified":"2025-04-24T14:53:14","modified_gmt":"2025-04-24T12:53:14","slug":"oromszegely-univerzalis","status":"publish","type":"product","link":"https:\/\/btrmagyarorszag.hu\/index.php\/termek\/oromszegely-univerzalis\/","title":{"rendered":"Oromszeg\u00e9ly, Univerz\u00e1lis"},"content":{"rendered":"<h2>Univerz\u00e1lis Oromszeg\u00e9ly<\/h2>\n","protected":false},"excerpt":{"rendered":"<p>&nbsp;<\/p>\n<h4 style=\"text-align: center\">M\u0171szaki r\u00e9szletek<\/h4>\n<h4 style=\"text-align: center\">Hossz: 2000mm<\/h4>\n<p style=\"text-align: center\">El\u00e9rhet\u0151 minden sz\u00ednben.<\/p>\n<p>&nbsp;<\/p>\n<p style=\"text-align: center\">\n","protected":false},"featured_media":408,"comment_status":"open","ping_status":"closed","template":"","meta":{"_et_pb_use_builder":"","_et_pb_old_content":"","_et_gb_content_width":""},"product_brand":[],"product_cat":[27,19,24],"product_tag":[],"class_list":{"0":"post-452","1":"product","2":"type-product","3":"status-publish","4":"has-post-thumbnail","6":"product_cat-szegelyek","7":"product_cat-termekek","8":"product_cat-kiegeszitok","10":"first","11":"instock","12":"shipping-taxable","13":"product-type-simple"},"_links":{"self":[{"href":"https:\/\/btrmagyarorszag.hu\/index.php\/wp-json\/wp\/v2\/product\/452","targetHints":{"allow":["GET"]}}],"collection":[{"href":"https:\/\/btrmagyarorszag.hu\/index.php\/wp-json\/wp\/v2\/product"}],"about":[{"href":"https:\/\/btrmagyarorszag.hu\/index.php\/wp-json\/wp\/v2\/types\/product"}],"replies":[{"embeddable":true,"href":"https:\/\/btrmagyarorszag.hu\/index.php\/wp-json\/wp\/v2\/comments?post=452"}],"wp:featuredmedia":[{"embeddable":true,"href":"https:\/\/btrmagyarorszag.hu\/index.php\/wp-json\/wp\/v2\/media\/408"}],"wp:attachment":[{"href":"https:\/\/btrmagyarorszag.hu\/index.php\/wp-json\/wp\/v2\/media?parent=452"}],"wp:term":[{"taxonomy":"product_brand","embeddable":true,"href":"https:\/\/btrmagyarorszag.hu\/index.php\/wp-json\/wp\/v2\/product_brand?post=452"},{"taxonomy":"product_cat","embeddable":true,"href":"https:\/\/btrmagyarorszag.hu\/index.php\/wp-json\/wp\/v2\/product_cat?post=452"},{"taxonomy":"product_tag","embeddable":true,"href":"https:\/\/btrmagyarorszag.hu\/index.php\/wp-json\/wp\/v2\/product_tag?post=452"}],"curies":[{"name":"wp","href":"https:\/\/api.w.org\/{rel}","templated":true}]}}