{"id":460,"date":"2025-04-24T15:24:17","date_gmt":"2025-04-24T13:24:17","guid":{"rendered":"https:\/\/btrmagyarorszag.hu\/?post_type=product&#038;p=460"},"modified":"2025-04-24T15:26:19","modified_gmt":"2025-04-24T13:26:19","slug":"gepeszeti-atvezeto-elem-felkor","status":"publish","type":"product","link":"https:\/\/btrmagyarorszag.hu\/index.php\/termek\/gepeszeti-atvezeto-elem-felkor\/","title":{"rendered":"G\u00e9p\u00e9szeti \u00e1tvezet\u0151 elem f\u00e9lk\u00f6r"},"content":{"rendered":"<h2>G\u00e9p\u00e9szeti \u00e1tvezet\u0151 elem<br \/>\nF\u00e9lk\u00f6r kivitel<\/h2>\n","protected":false},"excerpt":{"rendered":"<p>&nbsp;<\/p>\n<h4 style=\"text-align: center\">M\u0171szaki r\u00e9szletek<\/h4>\n<h4 style=\"text-align: center\">\u00c1tm\u00e9r\u0151: 125mm<br \/>\nHajl\u00e1si sz\u00f6g: 15-45 fok<\/h4>\n<p style=\"text-align: center\">El\u00e9rhet\u0151 minden sz\u00ednben.<\/p>\n<p>&nbsp;<\/p>\n<p style=\"text-align: center\">\n","protected":false},"featured_media":411,"comment_status":"open","ping_status":"closed","template":"","meta":{"_et_pb_use_builder":"","_et_pb_old_content":"","_et_gb_content_width":""},"product_brand":[],"product_cat":[28,19,24],"product_tag":[],"class_list":{"0":"post-460","1":"product","2":"type-product","3":"status-publish","4":"has-post-thumbnail","6":"product_cat-egyeb-kiegeszitok","7":"product_cat-termekek","8":"product_cat-kiegeszitok","10":"first","11":"instock","12":"shipping-taxable","13":"product-type-simple"},"_links":{"self":[{"href":"https:\/\/btrmagyarorszag.hu\/index.php\/wp-json\/wp\/v2\/product\/460","targetHints":{"allow":["GET"]}}],"collection":[{"href":"https:\/\/btrmagyarorszag.hu\/index.php\/wp-json\/wp\/v2\/product"}],"about":[{"href":"https:\/\/btrmagyarorszag.hu\/index.php\/wp-json\/wp\/v2\/types\/product"}],"replies":[{"embeddable":true,"href":"https:\/\/btrmagyarorszag.hu\/index.php\/wp-json\/wp\/v2\/comments?post=460"}],"wp:featuredmedia":[{"embeddable":true,"href":"https:\/\/btrmagyarorszag.hu\/index.php\/wp-json\/wp\/v2\/media\/411"}],"wp:attachment":[{"href":"https:\/\/btrmagyarorszag.hu\/index.php\/wp-json\/wp\/v2\/media?parent=460"}],"wp:term":[{"taxonomy":"product_brand","embeddable":true,"href":"https:\/\/btrmagyarorszag.hu\/index.php\/wp-json\/wp\/v2\/product_brand?post=460"},{"taxonomy":"product_cat","embeddable":true,"href":"https:\/\/btrmagyarorszag.hu\/index.php\/wp-json\/wp\/v2\/product_cat?post=460"},{"taxonomy":"product_tag","embeddable":true,"href":"https:\/\/btrmagyarorszag.hu\/index.php\/wp-json\/wp\/v2\/product_tag?post=460"}],"curies":[{"name":"wp","href":"https:\/\/api.w.org\/{rel}","templated":true}]}}