{"id":469,"date":"2025-04-24T15:37:11","date_gmt":"2025-04-24T13:37:11","guid":{"rendered":"https:\/\/btrmagyarorszag.hu\/?post_type=product&#038;p=469"},"modified":"2025-04-24T15:39:02","modified_gmt":"2025-04-24T13:39:02","slug":"javitokeszlet","status":"publish","type":"product","link":"https:\/\/btrmagyarorszag.hu\/index.php\/termek\/javitokeszlet\/","title":{"rendered":"Jav\u00edt\u00f3k\u00e9szlet"},"content":{"rendered":"<h2>Jav\u00edt\u00f3k\u00e9szlet<\/h2>\n","protected":false},"excerpt":{"rendered":"<p>&nbsp;<\/p>\n<h4 style=\"text-align: center\">M\u0171szaki r\u00e9szletek<\/h4>\n<h4 style=\"text-align: center\">K\u0151zet: 1000g<br \/>\nRagaszt\u00f3: 250ml<\/h4>\n<p style=\"text-align: center\">El\u00e9rhet\u0151 minden sz\u00ednben.<\/p>\n<p>&nbsp;<\/p>\n<p style=\"text-align: center\">\n","protected":false},"featured_media":418,"comment_status":"open","ping_status":"closed","template":"","meta":{"_et_pb_use_builder":"","_et_pb_old_content":"","_et_gb_content_width":""},"product_brand":[],"product_cat":[28,19,24],"product_tag":[],"class_list":{"0":"post-469","1":"product","2":"type-product","3":"status-publish","4":"has-post-thumbnail","6":"product_cat-egyeb-kiegeszitok","7":"product_cat-termekek","8":"product_cat-kiegeszitok","10":"first","11":"instock","12":"shipping-taxable","13":"product-type-simple"},"_links":{"self":[{"href":"https:\/\/btrmagyarorszag.hu\/index.php\/wp-json\/wp\/v2\/product\/469","targetHints":{"allow":["GET"]}}],"collection":[{"href":"https:\/\/btrmagyarorszag.hu\/index.php\/wp-json\/wp\/v2\/product"}],"about":[{"href":"https:\/\/btrmagyarorszag.hu\/index.php\/wp-json\/wp\/v2\/types\/product"}],"replies":[{"embeddable":true,"href":"https:\/\/btrmagyarorszag.hu\/index.php\/wp-json\/wp\/v2\/comments?post=469"}],"wp:featuredmedia":[{"embeddable":true,"href":"https:\/\/btrmagyarorszag.hu\/index.php\/wp-json\/wp\/v2\/media\/418"}],"wp:attachment":[{"href":"https:\/\/btrmagyarorszag.hu\/index.php\/wp-json\/wp\/v2\/media?parent=469"}],"wp:term":[{"taxonomy":"product_brand","embeddable":true,"href":"https:\/\/btrmagyarorszag.hu\/index.php\/wp-json\/wp\/v2\/product_brand?post=469"},{"taxonomy":"product_cat","embeddable":true,"href":"https:\/\/btrmagyarorszag.hu\/index.php\/wp-json\/wp\/v2\/product_cat?post=469"},{"taxonomy":"product_tag","embeddable":true,"href":"https:\/\/btrmagyarorszag.hu\/index.php\/wp-json\/wp\/v2\/product_tag?post=469"}],"curies":[{"name":"wp","href":"https:\/\/api.w.org\/{rel}","templated":true}]}}