{"id":553,"date":"2025-05-08T10:56:11","date_gmt":"2025-05-08T08:56:11","guid":{"rendered":"https:\/\/btrmagyarorszag.hu\/?post_type=product&#038;p=553"},"modified":"2025-05-08T10:59:15","modified_gmt":"2025-05-08T08:59:15","slug":"hanis-laszlo-e-v","status":"publish","type":"product","link":"https:\/\/btrmagyarorszag.hu\/index.php\/termek\/hanis-laszlo-e-v\/","title":{"rendered":"H\u00e1nis L\u00e1szl\u00f3 E.V."},"content":{"rendered":"<p>H\u00e1nis L\u00e1szl\u00f3<br \/>\n06309973406<br \/>\nLASZLO.HANIS@GMAIL.COM<\/p>\n<p><img loading=\"lazy\" decoding=\"async\" class=\"aligncenter wp-image-505 size-full\" src=\"https:\/\/btrmagyarorszag.hu\/wp-content\/uploads\/2025\/05\/Hanis-Laszlo.jpg\" alt=\"\" width=\"2243\" height=\"1578\" srcset=\"https:\/\/btrmagyarorszag.hu\/wp-content\/uploads\/2025\/05\/Hanis-Laszlo.jpg 2243w, https:\/\/btrmagyarorszag.hu\/wp-content\/uploads\/2025\/05\/Hanis-Laszlo-1280x901.jpg 1280w, https:\/\/btrmagyarorszag.hu\/wp-content\/uploads\/2025\/05\/Hanis-Laszlo-980x689.jpg 980w, https:\/\/btrmagyarorszag.hu\/wp-content\/uploads\/2025\/05\/Hanis-Laszlo-480x338.jpg 480w\" sizes=\"(min-width: 0px) and (max-width: 480px) 480px, (min-width: 481px) and (max-width: 980px) 980px, (min-width: 981px) and (max-width: 1280px) 1280px, (min-width: 1281px) 2243px, 100vw\" \/><\/p>\n","protected":false},"excerpt":{"rendered":"<p>&nbsp;<\/p>\n<p style=\"text-align: center\">\n","protected":false},"featured_media":546,"comment_status":"open","ping_status":"closed","template":"","meta":{"_et_pb_use_builder":"","_et_pb_old_content":"","_et_gb_content_width":""},"product_brand":[],"product_cat":[29],"product_tag":[],"class_list":{"0":"post-553","1":"product","2":"type-product","3":"status-publish","4":"has-post-thumbnail","6":"product_cat-ajanlott-kivitelezok","8":"first","9":"instock","10":"shipping-taxable","11":"product-type-simple"},"_links":{"self":[{"href":"https:\/\/btrmagyarorszag.hu\/index.php\/wp-json\/wp\/v2\/product\/553","targetHints":{"allow":["GET"]}}],"collection":[{"href":"https:\/\/btrmagyarorszag.hu\/index.php\/wp-json\/wp\/v2\/product"}],"about":[{"href":"https:\/\/btrmagyarorszag.hu\/index.php\/wp-json\/wp\/v2\/types\/product"}],"replies":[{"embeddable":true,"href":"https:\/\/btrmagyarorszag.hu\/index.php\/wp-json\/wp\/v2\/comments?post=553"}],"wp:featuredmedia":[{"embeddable":true,"href":"https:\/\/btrmagyarorszag.hu\/index.php\/wp-json\/wp\/v2\/media\/546"}],"wp:attachment":[{"href":"https:\/\/btrmagyarorszag.hu\/index.php\/wp-json\/wp\/v2\/media?parent=553"}],"wp:term":[{"taxonomy":"product_brand","embeddable":true,"href":"https:\/\/btrmagyarorszag.hu\/index.php\/wp-json\/wp\/v2\/product_brand?post=553"},{"taxonomy":"product_cat","embeddable":true,"href":"https:\/\/btrmagyarorszag.hu\/index.php\/wp-json\/wp\/v2\/product_cat?post=553"},{"taxonomy":"product_tag","embeddable":true,"href":"https:\/\/btrmagyarorszag.hu\/index.php\/wp-json\/wp\/v2\/product_tag?post=553"}],"curies":[{"name":"wp","href":"https:\/\/api.w.org\/{rel}","templated":true}]}}