{"id":557,"date":"2025-05-08T11:04:35","date_gmt":"2025-05-08T09:04:35","guid":{"rendered":"https:\/\/btrmagyarorszag.hu\/?post_type=product&#038;p=557"},"modified":"2025-05-08T11:05:25","modified_gmt":"2025-05-08T09:05:25","slug":"toth-istvan","status":"publish","type":"product","link":"https:\/\/btrmagyarorszag.hu\/index.php\/termek\/toth-istvan\/","title":{"rendered":"T\u00f3th Istv\u00e1n"},"content":{"rendered":"<p>T\u00f3th Istv\u00e1n<br \/>\n06706337708<\/p>\n<p><img loading=\"lazy\" decoding=\"async\" class=\"aligncenter wp-image-509 size-full\" src=\"https:\/\/btrmagyarorszag.hu\/wp-content\/uploads\/2025\/05\/Toth-Istvan.jpg\" alt=\"\" width=\"2238\" height=\"1572\" srcset=\"https:\/\/btrmagyarorszag.hu\/wp-content\/uploads\/2025\/05\/Toth-Istvan.jpg 2238w, https:\/\/btrmagyarorszag.hu\/wp-content\/uploads\/2025\/05\/Toth-Istvan-1280x899.jpg 1280w, https:\/\/btrmagyarorszag.hu\/wp-content\/uploads\/2025\/05\/Toth-Istvan-980x688.jpg 980w, https:\/\/btrmagyarorszag.hu\/wp-content\/uploads\/2025\/05\/Toth-Istvan-480x337.jpg 480w\" sizes=\"(min-width: 0px) and (max-width: 480px) 480px, (min-width: 481px) and (max-width: 980px) 980px, (min-width: 981px) and (max-width: 1280px) 1280px, (min-width: 1281px) 2238px, 100vw\" \/><\/p>\n","protected":false},"excerpt":{"rendered":"<p>&nbsp;<\/p>\n<p style=\"text-align: center\">\n","protected":false},"featured_media":546,"comment_status":"open","ping_status":"closed","template":"","meta":{"_et_pb_use_builder":"","_et_pb_old_content":"","_et_gb_content_width":""},"product_brand":[],"product_cat":[29],"product_tag":[],"class_list":{"0":"post-557","1":"product","2":"type-product","3":"status-publish","4":"has-post-thumbnail","6":"product_cat-ajanlott-kivitelezok","8":"first","9":"instock","10":"shipping-taxable","11":"product-type-simple"},"_links":{"self":[{"href":"https:\/\/btrmagyarorszag.hu\/index.php\/wp-json\/wp\/v2\/product\/557","targetHints":{"allow":["GET"]}}],"collection":[{"href":"https:\/\/btrmagyarorszag.hu\/index.php\/wp-json\/wp\/v2\/product"}],"about":[{"href":"https:\/\/btrmagyarorszag.hu\/index.php\/wp-json\/wp\/v2\/types\/product"}],"replies":[{"embeddable":true,"href":"https:\/\/btrmagyarorszag.hu\/index.php\/wp-json\/wp\/v2\/comments?post=557"}],"wp:featuredmedia":[{"embeddable":true,"href":"https:\/\/btrmagyarorszag.hu\/index.php\/wp-json\/wp\/v2\/media\/546"}],"wp:attachment":[{"href":"https:\/\/btrmagyarorszag.hu\/index.php\/wp-json\/wp\/v2\/media?parent=557"}],"wp:term":[{"taxonomy":"product_brand","embeddable":true,"href":"https:\/\/btrmagyarorszag.hu\/index.php\/wp-json\/wp\/v2\/product_brand?post=557"},{"taxonomy":"product_cat","embeddable":true,"href":"https:\/\/btrmagyarorszag.hu\/index.php\/wp-json\/wp\/v2\/product_cat?post=557"},{"taxonomy":"product_tag","embeddable":true,"href":"https:\/\/btrmagyarorszag.hu\/index.php\/wp-json\/wp\/v2\/product_tag?post=557"}],"curies":[{"name":"wp","href":"https:\/\/api.w.org\/{rel}","templated":true}]}}